{"id":6625,"date":"2025-02-28T18:32:30","date_gmt":"2025-02-28T18:32:30","guid":{"rendered":"https:\/\/www.relatalotu.com\/?post_type=product&#038;p=6625"},"modified":"2025-03-19T21:19:33","modified_gmt":"2025-03-19T21:19:33","slug":"kayak-en-el-lago-arenal-la-fortuna","status":"publish","type":"product","link":"https:\/\/www.relatalotu.com\/en\/product\/kayak-en-el-lago-arenal-la-fortuna\/","title":{"rendered":"Kayaking on Lake Arenal La Fortuna"},"content":{"rendered":"<p><strong>Acerca de<\/strong><\/p>\n<p>Para todos los amantes del kayak y las aventuras acu\u00e1ticas, la Laguna del Arenal representa un excelente campo para practicar esta hermosa actividad. Una experiencia \u00fanica de aproximadamente 2 horas contra el oleaje y el viento que se siente en la zona, sentado en el Kayak y con el remo en las manos. Te dar\u00e1s cuenta de la verdadera emoci\u00f3n que se siente al disfrutar de la belleza esc\u00e9nica y la naturaleza del lugar, todo mientras contemplas al m\u00edtico Volc\u00e1n Arenal de fondo. Al finalizar el recorrido se complementa con hidrataci\u00f3n y frutas.<\/p>\n<p><i class=\"fas fa-circle-info\"><\/i>\u00a0 <strong>Operaci\u00f3n m\u00ednima de 3 personas.<\/strong><\/p>\n<hr \/>\n<p>&nbsp;<\/p>\n<p><i class=\"fas fa-circle-check\"><\/i> <strong>Times<\/strong>: Salida 8:00 am \/ Regreso 12:00 pm<\/p>\n<p><i class=\"fas fa-circle-check\"><\/i> <strong>Edad M\u00ednima<\/strong>: Edad m\u00ednima para la realizaci\u00f3n del tour 5 a\u00f1os.<\/p>\n<hr \/>\n<p>&nbsp;<\/p>\n<p><strong>Included \/ Not included<\/strong><\/p>\n<p><i class=\"fas fa-circle-info\"><\/i>\u00a0 Services<\/p>\n<p><i class=\"fas fa-circle-info\"><\/i>\u00a0 Guide<\/p>\n<p><i class=\"fas fa-circle-info\"><\/i>\u00a0 Life jacket<\/p>\n<p><i class=\"fas fa-circle-info\"><\/i>\u00a0 waterrefill (everyone must bring their own bottle of water)<\/p>\n<p><i class=\"fas fa-circle-info\"><\/i>\u00a0 Fruits<\/p>\n<p>&nbsp;<\/p>\n<p><strong>What to bring<\/strong><\/p>\n<p><i class=\"fas fa-circle-info\"><\/i>\u00a0 Bottle of water<\/p>\n<p><i class=\"fas fa-circle-info\"><\/i>\u00a0 Repellent<\/p>\n<p><i class=\"fas fa-circle-info\"><\/i>\u00a0 comfortable clothing<\/p>\n<p><i class=\"fas fa-circle-info\"><\/i>\u00a0 Sunscreen<\/p>\n<p><i class=\"fas fa-circle-info\"><\/i>\u00a0 hat.<\/p>\n<p>&nbsp;<\/p>\n<hr \/>\n<p>&nbsp;<\/p>\n<p><strong>Policies<\/strong><\/p>\n\n    <style>\n        .acordeon-personalizado {\n            width: 100%;\n        }\n\n        .pestana-acordeon {\n            margin-bottom: 10px;\n        }\n\n        .titulo-pestana {\n            padding: 10px;\n            background-color: #f2f2f2;\n            cursor: pointer;\n            position: relative;\n            padding-left: 50px;\n\t\t\tfont-weight: bold;\n\t\t\tfont-size:15px\n        }\n\n        .contenido-pestana {\n            display: none;\n            padding: 10px;\n        }\n\n        .icono-toggle {\n            position: absolute;\n            top: 50%;\n            left: 10px;\n            transform: translateY(-50%);\n            width: 12px;\n            height: 12px;\n            background: url('https:\/\/www.relatalotu.com\/wp-content\/uploads\/2025\/02\/anadir.png') center center no-repeat;\n            background-size: contain;\n        }\n    <\/style>\n\n    <div class=\"acordeon-personalizado\">\n        <\/p>\n<p>\n    <div class=\"pestana-acordeon\">\n        <div class=\"titulo-pestana\">Cancellations<span class=\"icono-toggle\"><\/span><\/div>\n        <div class=\"contenido-pestana\"><br \/>\nCancellation of the tour must be made 24 hours before the activity and will not be penalized.<br \/>\n<\/div>\n    <\/div>\n\n    <\/p>\n<p>\n    <div class=\"pestana-acordeon\">\n        <div class=\"titulo-pestana\">Penalty Cancellations<span class=\"icono-toggle\"><\/span><\/div>\n        <div class=\"contenido-pestana\"><\/p>\n<p>If the cancellation is made on the same day of the activity, there will be a 100% penalty.<\/p>\n<p><\/div>\n    <\/div>\n\n    <\/p>\n<p>\n    <div class=\"pestana-acordeon\">\n        <div class=\"titulo-pestana\">Services<span class=\"icono-toggle\"><\/span><\/div>\n        <div class=\"contenido-pestana\"><\/p>\n<p>Transportation included in all activities in zone 1 that ranges from Fortuna Park to the West to Hotel Tabac\u00f3n to the South to the town of El Jauri. Towards the north to the Arenal Eco Hotel and to the east to the Jardines de Arenal hotel. If the pick up is outside this area, an additional transportation fee is charged depending on its location.<br \/>\n<\/div>\n    <\/div>\n\n    <\/p>\n<p>    <\/div>\n\n    <script>\n        jQuery(document).ready(function ($) {\n            $('.titulo-pestana').click(function () {\n                var pestana = $(this).closest('.pestana-acordeon');\n\n                \/\/ Si la pesta\u00f1a est\u00e1 abierta, ci\u00e9rrala. Si est\u00e1 cerrada, \u00e1brela.\n                $('.contenido-pestana', pestana).slideToggle();\n\n                \/\/ Cierra otras pesta\u00f1as abiertas\n                $('.pestana-acordeon').not(pestana).find('.contenido-pestana').slideUp();\n            });\n        });\n    <\/script>","protected":false},"excerpt":{"rendered":"<p>Acerca de Para todos los amantes del kayak y las aventuras acu\u00e1ticas, la Laguna del Arenal representa un excelente campo para practicar esta hermosa actividad. Una experiencia \u00fanica de aproximadamente 2 horas contra el oleaje y el viento que se siente en la zona, sentado en el Kayak y con el remo en las manos. [&hellip;]<\/p>\n","protected":false},"featured_media":1648,"comment_status":"open","ping_status":"closed","template":"","meta":{"_uag_custom_page_level_css":""},"product_brand":[],"product_cat":[114],"product_tag":[],"ubicaciones":[],"class_list":{"0":"post-6625","1":"product","2":"type-product","3":"status-publish","4":"has-post-thumbnail","6":"product_cat-tours-costa-rica","8":"first","9":"instock","10":"virtual","11":"sold-individually","12":"purchasable","13":"product-type-booking"},"gallery_images":[1651,1650,1649,1648],"yoast_head":"<!-- This site is optimized with the Yoast SEO plugin v27.4 - https:\/\/yoast.com\/product\/yoast-seo-wordpress\/ -->\n<title>Kayak en el Lago Arenal La Fortuna - Agencia de viajes en Costa Rica - Rel\u00e1talo T\u00fa \u2708\ufe0f<\/title>\n<meta name=\"description\" content=\"Descubre Costa Rica con nuestros tours y viajes personalizados. Explora playas, volcanes y selvas \u00fanicas. \u00a1Vive la aventura pura!\" \/>\n<meta name=\"robots\" content=\"index, follow, max-snippet:-1, max-image-preview:large, max-video-preview:-1\" \/>\n<link rel=\"canonical\" href=\"https:\/\/www.relatalotu.com\/en\/product\/kayak-en-el-lago-arenal-la-fortuna\/\" \/>\n<meta property=\"og:locale\" content=\"en_US\" \/>\n<meta property=\"og:type\" content=\"article\" \/>\n<meta property=\"og:title\" content=\"Kayak en el Lago Arenal La Fortuna - Agencia de viajes en Costa Rica - Rel\u00e1talo T\u00fa \u2708\ufe0f\" \/>\n<meta property=\"og:description\" content=\"Descubre Costa Rica con nuestros tours y viajes personalizados. Explora playas, volcanes y selvas \u00fanicas. \u00a1Vive la aventura pura!\" \/>\n<meta property=\"og:url\" content=\"https:\/\/www.relatalotu.com\/en\/product\/kayak-en-el-lago-arenal-la-fortuna\/\" \/>\n<meta property=\"og:site_name\" content=\"Agencia de viajes en Costa Rica - Rel\u00e1talo T\u00fa \u2708\ufe0f\" \/>\n<meta property=\"article:publisher\" content=\"https:\/\/www.facebook.com\/profile.php?id=61558456476121&amp;mibextid=LQQJ4d\" \/>\n<meta property=\"article:modified_time\" content=\"2025-03-19T21:19:33+00:00\" \/>\n<meta property=\"og:image\" content=\"https:\/\/www.relatalotu.com\/wp-content\/uploads\/2024\/04\/3.jpg\" \/>\n\t<meta property=\"og:image:width\" content=\"1134\" \/>\n\t<meta property=\"og:image:height\" content=\"850\" \/>\n\t<meta property=\"og:image:type\" content=\"image\/jpeg\" \/>\n<meta name=\"twitter:card\" content=\"summary_large_image\" \/>\n<meta name=\"twitter:label1\" content=\"Est. reading time\" \/>\n\t<meta name=\"twitter:data1\" content=\"2 minutes\" \/>\n<script type=\"application\/ld+json\" class=\"yoast-schema-graph\">{\"@context\":\"https:\\\/\\\/schema.org\",\"@graph\":[{\"@type\":\"WebPage\",\"@id\":\"https:\\\/\\\/www.relatalotu.com\\\/producto\\\/kayak-en-el-lago-arenal-la-fortuna\\\/\",\"url\":\"https:\\\/\\\/www.relatalotu.com\\\/producto\\\/kayak-en-el-lago-arenal-la-fortuna\\\/\",\"name\":\"Kayak en el Lago Arenal La Fortuna - Agencia de viajes en Costa Rica - Rel\u00e1talo T\u00fa \u2708\ufe0f\",\"isPartOf\":{\"@id\":\"https:\\\/\\\/www.relatalotu.com\\\/#website\"},\"primaryImageOfPage\":{\"@id\":\"https:\\\/\\\/www.relatalotu.com\\\/producto\\\/kayak-en-el-lago-arenal-la-fortuna\\\/#primaryimage\"},\"image\":{\"@id\":\"https:\\\/\\\/www.relatalotu.com\\\/producto\\\/kayak-en-el-lago-arenal-la-fortuna\\\/#primaryimage\"},\"thumbnailUrl\":\"https:\\\/\\\/www.relatalotu.com\\\/wp-content\\\/uploads\\\/2024\\\/04\\\/3.jpg\",\"datePublished\":\"2025-02-28T18:32:30+00:00\",\"dateModified\":\"2025-03-19T21:19:33+00:00\",\"description\":\"Descubre Costa Rica con nuestros tours y viajes personalizados. Explora playas, volcanes y selvas \u00fanicas. \u00a1Vive la aventura pura!\",\"breadcrumb\":{\"@id\":\"https:\\\/\\\/www.relatalotu.com\\\/producto\\\/kayak-en-el-lago-arenal-la-fortuna\\\/#breadcrumb\"},\"inLanguage\":\"en-US\",\"potentialAction\":[{\"@type\":\"ReadAction\",\"target\":[\"https:\\\/\\\/www.relatalotu.com\\\/producto\\\/kayak-en-el-lago-arenal-la-fortuna\\\/\"]}]},{\"@type\":\"ImageObject\",\"inLanguage\":\"en-US\",\"@id\":\"https:\\\/\\\/www.relatalotu.com\\\/producto\\\/kayak-en-el-lago-arenal-la-fortuna\\\/#primaryimage\",\"url\":\"https:\\\/\\\/www.relatalotu.com\\\/wp-content\\\/uploads\\\/2024\\\/04\\\/3.jpg\",\"contentUrl\":\"https:\\\/\\\/www.relatalotu.com\\\/wp-content\\\/uploads\\\/2024\\\/04\\\/3.jpg\",\"width\":1134,\"height\":850},{\"@type\":\"BreadcrumbList\",\"@id\":\"https:\\\/\\\/www.relatalotu.com\\\/producto\\\/kayak-en-el-lago-arenal-la-fortuna\\\/#breadcrumb\",\"itemListElement\":[{\"@type\":\"ListItem\",\"position\":1,\"name\":\"Inicio\",\"item\":\"https:\\\/\\\/www.relatalotu.com\\\/\"},{\"@type\":\"ListItem\",\"position\":2,\"name\":\"Tienda\",\"item\":\"https:\\\/\\\/www.relatalotu.com\\\/tienda\\\/\"},{\"@type\":\"ListItem\",\"position\":3,\"name\":\"Kayak en el Lago Arenal La Fortuna\"}]},{\"@type\":\"WebSite\",\"@id\":\"https:\\\/\\\/www.relatalotu.com\\\/#website\",\"url\":\"https:\\\/\\\/www.relatalotu.com\\\/\",\"name\":\"Rel\u00e1talo T\u00fa\",\"description\":\"\",\"publisher\":{\"@id\":\"https:\\\/\\\/www.relatalotu.com\\\/#organization\"},\"alternateName\":\"relatalo tu\",\"potentialAction\":[{\"@type\":\"SearchAction\",\"target\":{\"@type\":\"EntryPoint\",\"urlTemplate\":\"https:\\\/\\\/www.relatalotu.com\\\/?s={search_term_string}\"},\"query-input\":{\"@type\":\"PropertyValueSpecification\",\"valueRequired\":true,\"valueName\":\"search_term_string\"}}],\"inLanguage\":\"en-US\"},{\"@type\":\"Organization\",\"@id\":\"https:\\\/\\\/www.relatalotu.com\\\/#organization\",\"name\":\"Rel\u00e1talo T\u00fa\",\"alternateName\":\"relatalo tu\",\"url\":\"https:\\\/\\\/www.relatalotu.com\\\/\",\"logo\":{\"@type\":\"ImageObject\",\"inLanguage\":\"en-US\",\"@id\":\"https:\\\/\\\/www.relatalotu.com\\\/#\\\/schema\\\/logo\\\/image\\\/\",\"url\":\"https:\\\/\\\/www.relatalotu.com\\\/wp-content\\\/uploads\\\/2024\\\/03\\\/Logo-color.png\",\"contentUrl\":\"https:\\\/\\\/www.relatalotu.com\\\/wp-content\\\/uploads\\\/2024\\\/03\\\/Logo-color.png\",\"width\":882,\"height\":773,\"caption\":\"Rel\u00e1talo T\u00fa\"},\"image\":{\"@id\":\"https:\\\/\\\/www.relatalotu.com\\\/#\\\/schema\\\/logo\\\/image\\\/\"},\"sameAs\":[\"https:\\\/\\\/www.facebook.com\\\/profile.php?id=61558456476121&mibextid=LQQJ4d\",\"https:\\\/\\\/www.youtube.com\\\/@RELATOSDEUNMUNDONUEVO\",\"https:\\\/\\\/www.instagram.com\\\/relatalo__tu_\\\/\"]}]}<\/script>\n<!-- \/ Yoast SEO plugin. -->","yoast_head_json":{"title":"Kayak en el Lago Arenal La Fortuna - Agencia de viajes en Costa Rica - Rel\u00e1talo T\u00fa \u2708\ufe0f","description":"Descubre Costa Rica con nuestros tours y viajes personalizados. Explora playas, volcanes y selvas \u00fanicas. \u00a1Vive la aventura pura!","robots":{"index":"index","follow":"follow","max-snippet":"max-snippet:-1","max-image-preview":"max-image-preview:large","max-video-preview":"max-video-preview:-1"},"canonical":"https:\/\/www.relatalotu.com\/en\/product\/kayak-en-el-lago-arenal-la-fortuna\/","og_locale":"en_US","og_type":"article","og_title":"Kayak en el Lago Arenal La Fortuna - Agencia de viajes en Costa Rica - Rel\u00e1talo T\u00fa \u2708\ufe0f","og_description":"Descubre Costa Rica con nuestros tours y viajes personalizados. Explora playas, volcanes y selvas \u00fanicas. \u00a1Vive la aventura pura!","og_url":"https:\/\/www.relatalotu.com\/en\/product\/kayak-en-el-lago-arenal-la-fortuna\/","og_site_name":"Agencia de viajes en Costa Rica - Rel\u00e1talo T\u00fa \u2708\ufe0f","article_publisher":"https:\/\/www.facebook.com\/profile.php?id=61558456476121&mibextid=LQQJ4d","article_modified_time":"2025-03-19T21:19:33+00:00","og_image":[{"width":1134,"height":850,"url":"https:\/\/www.relatalotu.com\/wp-content\/uploads\/2024\/04\/3.jpg","type":"image\/jpeg"}],"twitter_card":"summary_large_image","twitter_misc":{"Est. reading time":"2 minutes"},"schema":{"@context":"https:\/\/schema.org","@graph":[{"@type":"WebPage","@id":"https:\/\/www.relatalotu.com\/producto\/kayak-en-el-lago-arenal-la-fortuna\/","url":"https:\/\/www.relatalotu.com\/producto\/kayak-en-el-lago-arenal-la-fortuna\/","name":"Kayak en el Lago Arenal La Fortuna - Agencia de viajes en Costa Rica - Rel\u00e1talo T\u00fa \u2708\ufe0f","isPartOf":{"@id":"https:\/\/www.relatalotu.com\/#website"},"primaryImageOfPage":{"@id":"https:\/\/www.relatalotu.com\/producto\/kayak-en-el-lago-arenal-la-fortuna\/#primaryimage"},"image":{"@id":"https:\/\/www.relatalotu.com\/producto\/kayak-en-el-lago-arenal-la-fortuna\/#primaryimage"},"thumbnailUrl":"https:\/\/www.relatalotu.com\/wp-content\/uploads\/2024\/04\/3.jpg","datePublished":"2025-02-28T18:32:30+00:00","dateModified":"2025-03-19T21:19:33+00:00","description":"Descubre Costa Rica con nuestros tours y viajes personalizados. Explora playas, volcanes y selvas \u00fanicas. \u00a1Vive la aventura pura!","breadcrumb":{"@id":"https:\/\/www.relatalotu.com\/producto\/kayak-en-el-lago-arenal-la-fortuna\/#breadcrumb"},"inLanguage":"en-US","potentialAction":[{"@type":"ReadAction","target":["https:\/\/www.relatalotu.com\/producto\/kayak-en-el-lago-arenal-la-fortuna\/"]}]},{"@type":"ImageObject","inLanguage":"en-US","@id":"https:\/\/www.relatalotu.com\/producto\/kayak-en-el-lago-arenal-la-fortuna\/#primaryimage","url":"https:\/\/www.relatalotu.com\/wp-content\/uploads\/2024\/04\/3.jpg","contentUrl":"https:\/\/www.relatalotu.com\/wp-content\/uploads\/2024\/04\/3.jpg","width":1134,"height":850},{"@type":"BreadcrumbList","@id":"https:\/\/www.relatalotu.com\/producto\/kayak-en-el-lago-arenal-la-fortuna\/#breadcrumb","itemListElement":[{"@type":"ListItem","position":1,"name":"Inicio","item":"https:\/\/www.relatalotu.com\/"},{"@type":"ListItem","position":2,"name":"Tienda","item":"https:\/\/www.relatalotu.com\/tienda\/"},{"@type":"ListItem","position":3,"name":"Kayak en el Lago Arenal La Fortuna"}]},{"@type":"WebSite","@id":"https:\/\/www.relatalotu.com\/#website","url":"https:\/\/www.relatalotu.com\/","name":"Rel\u00e1talo T\u00fa","description":"","publisher":{"@id":"https:\/\/www.relatalotu.com\/#organization"},"alternateName":"relatalo tu","potentialAction":[{"@type":"SearchAction","target":{"@type":"EntryPoint","urlTemplate":"https:\/\/www.relatalotu.com\/?s={search_term_string}"},"query-input":{"@type":"PropertyValueSpecification","valueRequired":true,"valueName":"search_term_string"}}],"inLanguage":"en-US"},{"@type":"Organization","@id":"https:\/\/www.relatalotu.com\/#organization","name":"Rel\u00e1talo T\u00fa","alternateName":"relatalo tu","url":"https:\/\/www.relatalotu.com\/","logo":{"@type":"ImageObject","inLanguage":"en-US","@id":"https:\/\/www.relatalotu.com\/#\/schema\/logo\/image\/","url":"https:\/\/www.relatalotu.com\/wp-content\/uploads\/2024\/03\/Logo-color.png","contentUrl":"https:\/\/www.relatalotu.com\/wp-content\/uploads\/2024\/03\/Logo-color.png","width":882,"height":773,"caption":"Rel\u00e1talo T\u00fa"},"image":{"@id":"https:\/\/www.relatalotu.com\/#\/schema\/logo\/image\/"},"sameAs":["https:\/\/www.facebook.com\/profile.php?id=61558456476121&mibextid=LQQJ4d","https:\/\/www.youtube.com\/@RELATOSDEUNMUNDONUEVO","https:\/\/www.instagram.com\/relatalo__tu_\/"]}]}},"uagb_featured_image_src":{"full":["https:\/\/www.relatalotu.com\/wp-content\/uploads\/2024\/04\/3.jpg",1134,850,false],"thumbnail":["https:\/\/www.relatalotu.com\/wp-content\/uploads\/2024\/04\/3-150x150.jpg",150,150,true],"medium":["https:\/\/www.relatalotu.com\/wp-content\/uploads\/2024\/04\/3-300x225.jpg",300,225,true],"medium_large":["https:\/\/www.relatalotu.com\/wp-content\/uploads\/2024\/04\/3-768x576.jpg",768,576,true],"large":["https:\/\/www.relatalotu.com\/wp-content\/uploads\/2024\/04\/3-1024x768.jpg",800,600,true],"1536x1536":["https:\/\/www.relatalotu.com\/wp-content\/uploads\/2024\/04\/3.jpg",1134,850,false],"2048x2048":["https:\/\/www.relatalotu.com\/wp-content\/uploads\/2024\/04\/3.jpg",1134,850,false],"trp-custom-language-flag":["https:\/\/www.relatalotu.com\/wp-content\/uploads\/2024\/04\/3.jpg",16,12,false],"woocommerce_thumbnail":["https:\/\/www.relatalotu.com\/wp-content\/uploads\/2024\/04\/3-300x300.jpg",300,300,true],"woocommerce_single":["https:\/\/www.relatalotu.com\/wp-content\/uploads\/2024\/04\/3-600x337.jpg",600,337,true],"woocommerce_gallery_thumbnail":["https:\/\/www.relatalotu.com\/wp-content\/uploads\/2024\/04\/3-300x168.jpg",300,168,true]},"uagb_author_info":{"display_name":"relatalo","author_link":"https:\/\/www.relatalotu.com\/en\/author\/"},"uagb_comment_info":0,"uagb_excerpt":"Acerca de Para todos los amantes del kayak y las aventuras acu\u00e1ticas, la Laguna del Arenal representa un excelente campo para practicar esta hermosa actividad. Una experiencia \u00fanica de aproximadamente 2 horas contra el oleaje y el viento que se siente en la zona, sentado en el Kayak y con el remo en las manos.&hellip;","_links":{"self":[{"href":"https:\/\/www.relatalotu.com\/en\/wp-json\/wp\/v2\/product\/6625","targetHints":{"allow":["GET"]}}],"collection":[{"href":"https:\/\/www.relatalotu.com\/en\/wp-json\/wp\/v2\/product"}],"about":[{"href":"https:\/\/www.relatalotu.com\/en\/wp-json\/wp\/v2\/types\/product"}],"replies":[{"embeddable":true,"href":"https:\/\/www.relatalotu.com\/en\/wp-json\/wp\/v2\/comments?post=6625"}],"wp:featuredmedia":[{"embeddable":true,"href":"https:\/\/www.relatalotu.com\/en\/wp-json\/wp\/v2\/media\/1648"}],"wp:attachment":[{"href":"https:\/\/www.relatalotu.com\/en\/wp-json\/wp\/v2\/media?parent=6625"}],"wp:term":[{"taxonomy":"product_brand","embeddable":true,"href":"https:\/\/www.relatalotu.com\/en\/wp-json\/wp\/v2\/product_brand?post=6625"},{"taxonomy":"product_cat","embeddable":true,"href":"https:\/\/www.relatalotu.com\/en\/wp-json\/wp\/v2\/product_cat?post=6625"},{"taxonomy":"product_tag","embeddable":true,"href":"https:\/\/www.relatalotu.com\/en\/wp-json\/wp\/v2\/product_tag?post=6625"},{"taxonomy":"ubicaciones","embeddable":true,"href":"https:\/\/www.relatalotu.com\/en\/wp-json\/wp\/v2\/ubicaciones?post=6625"}],"curies":[{"name":"wp","href":"https:\/\/api.w.org\/{rel}","templated":true}]}}