{"id":6022,"date":"2024-12-27T20:25:16","date_gmt":"2024-12-27T20:25:16","guid":{"rendered":"https:\/\/www.relatalotu.com\/?page_id=6022"},"modified":"2024-12-27T20:28:09","modified_gmt":"2024-12-27T20:28:09","slug":"tours-chile","status":"publish","type":"page","link":"https:\/\/www.relatalotu.com\/en\/tours-chile\/","title":{"rendered":"Tours Chile"},"content":{"rendered":"<div data-elementor-type=\"wp-page\" data-elementor-id=\"6022\" class=\"elementor elementor-6022\" data-elementor-post-type=\"page\">\n\t\t\t\t\t\t<section class=\"elementor-section elementor-top-section elementor-element elementor-element-cac871b elementor-section-height-min-height elementor-section-items-bottom elementor-section-boxed elementor-section-height-default\" data-id=\"cac871b\" data-element_type=\"section\" data-e-type=\"section\" data-settings=\"{&quot;background_background&quot;:&quot;classic&quot;}\">\n\t\t\t\t\t\t\t<div class=\"elementor-background-overlay\"><\/div>\n\t\t\t\t\t\t\t<div class=\"elementor-container elementor-column-gap-default\">\n\t\t\t\t\t<div class=\"elementor-column elementor-col-100 elementor-top-column elementor-element elementor-element-bd0f7d4\" data-id=\"bd0f7d4\" data-element_type=\"column\" data-e-type=\"column\">\n\t\t\t<div class=\"elementor-widget-wrap elementor-element-populated\">\n\t\t\t\t\t\t<div class=\"elementor-element elementor-element-1eb166d elementor-headline--style-highlight elementor-widget elementor-widget-animated-headline\" data-id=\"1eb166d\" data-element_type=\"widget\" data-e-type=\"widget\" data-settings=\"{&quot;marker&quot;:&quot;underline_zigzag&quot;,&quot;highlighted_text&quot;:&quot;Chile&quot;,&quot;headline_style&quot;:&quot;highlight&quot;,&quot;loop&quot;:&quot;yes&quot;,&quot;highlight_animation_duration&quot;:1200,&quot;highlight_iteration_delay&quot;:8000}\" data-widget_type=\"animated-headline.default\">\n\t\t\t\t<div class=\"elementor-widget-container\">\n\t\t\t\t\t\t\t<h1 class=\"elementor-headline\">\n\t\t\t\t\t<span class=\"elementor-headline-plain-text elementor-headline-text-wrapper\">Tours en<\/span>\n\t\t\t\t<span class=\"elementor-headline-dynamic-wrapper elementor-headline-text-wrapper\">\n\t\t\t\t\t<span class=\"elementor-headline-dynamic-text elementor-headline-text-active\">Chile<\/span>\n\t\t\t\t<\/span>\n\t\t\t\t<\/h1>\n\t\t\t\t\t\t<\/div>\n\t\t\t\t<\/div>\n\t\t\t\t\t<\/div>\n\t\t<\/div>\n\t\t\t\t\t<\/div>\n\t\t<\/section>\n\t\t<div class=\"elementor-element elementor-element-265bf6b e-flex e-con-boxed e-con e-parent\" data-id=\"265bf6b\" data-element_type=\"container\" data-e-type=\"container\">\n\t\t\t\t\t<div class=\"e-con-inner\">\n\t\t\t\t<div class=\"elementor-element elementor-element-2ffcb8d elementor-cta--layout-image-left elementor-cta--mobile-layout-image-above elementor-cta--skin-classic elementor-animated-content elementor-bg-transform elementor-bg-transform-zoom-in elementor-widget elementor-widget-call-to-action\" data-id=\"2ffcb8d\" data-element_type=\"widget\" data-e-type=\"widget\" data-widget_type=\"call-to-action.default\">\n\t\t\t\t<div class=\"elementor-widget-container\">\n\t\t\t\t\t\t\t<div class=\"elementor-cta\">\n\t\t\t\t\t<div class=\"elementor-cta__bg-wrapper\">\n\t\t\t\t<div class=\"elementor-cta__bg elementor-bg\" style=\"background-image: url(https:\/\/www.relatalotu.com\/wp-content\/uploads\/2024\/06\/pexels-marek-piwnicki-3907296-26558813-1024x576.jpg);\" role=\"img\" aria-label=\"pexels-marek-piwnicki-3907296-26558813\"><\/div>\n\t\t\t\t<div class=\"elementor-cta__bg-overlay\"><\/div>\n\t\t\t<\/div>\n\t\t\t\t\t\t\t<div class=\"elementor-cta__content\">\n\t\t\t\t\n\t\t\t\t\t\t\t\t\t<h6 class=\"elementor-cta__title elementor-cta__content-item elementor-content-item\">\n\t\t\t\t\t\tNorth of Chile\t\t\t\t\t<\/h6>\n\t\t\t\t\n\t\t\t\t\t\t\t\t\t<div class=\"elementor-cta__description elementor-cta__content-item elementor-content-item\">\n\t\t\t\t\t\tThe north of Chile, and an expansion of nearly 2000 miles is a territory that marvel to travelers for its dimensions. The desert, which eludes to be a rather monotonous, is shown as a varied landscape and irregular, where the presence of the man is limited.  \t\t\t\t\t<\/div>\n\t\t\t\t\n\t\t\t\t\t\t\t\t\t<div class=\"elementor-cta__button-wrapper elementor-cta__content-item elementor-content-item\">\n\t\t\t\t\t<a class=\"elementor-cta__button elementor-button elementor-size-xs\" href=\"https:\/\/www.relatalotu.com\/en\/chile-norte\/\">\n\t\t\t\t\t\tView tours\t\t\t\t\t<\/a>\n\t\t\t\t\t<\/div>\n\t\t\t\t\t\t\t<\/div>\n\t\t\t\t\t\t<\/div>\n\t\t\t\t\t\t<\/div>\n\t\t\t\t<\/div>\n\t\t\t\t\t<\/div>\n\t\t\t\t<\/div>\n\t\t<div class=\"elementor-element elementor-element-ed606d5 e-flex e-con-boxed e-con e-parent\" data-id=\"ed606d5\" data-element_type=\"container\" data-e-type=\"container\">\n\t\t\t\t\t<div class=\"e-con-inner\">\n\t\t\t\t<div class=\"elementor-element elementor-element-01ab0a3 elementor-cta--layout-image-left elementor-cta--mobile-layout-image-above elementor-cta--skin-classic elementor-animated-content elementor-bg-transform elementor-bg-transform-zoom-in elementor-widget elementor-widget-call-to-action\" data-id=\"01ab0a3\" data-element_type=\"widget\" data-e-type=\"widget\" data-widget_type=\"call-to-action.default\">\n\t\t\t\t<div class=\"elementor-widget-container\">\n\t\t\t\t\t\t\t<div class=\"elementor-cta\">\n\t\t\t\t\t<div class=\"elementor-cta__bg-wrapper\">\n\t\t\t\t<div class=\"elementor-cta__bg elementor-bg\" style=\"background-image: url(https:\/\/www.relatalotu.com\/wp-content\/uploads\/2024\/08\/gal_3_20240829113428642-1024x683.jpeg);\" role=\"img\" aria-label=\"gal_3_20240829113428642\"><\/div>\n\t\t\t\t<div class=\"elementor-cta__bg-overlay\"><\/div>\n\t\t\t<\/div>\n\t\t\t\t\t\t\t<div class=\"elementor-cta__content\">\n\t\t\t\t\n\t\t\t\t\t\t\t\t\t<h6 class=\"elementor-cta__title elementor-cta__content-item elementor-content-item\">\n\t\t\t\t\t\tCentral Chile\t\t\t\t\t<\/h6>\n\t\t\t\t\n\t\t\t\t\t\t\t\t\t<div class=\"elementor-cta__description elementor-cta__content-item elementor-content-item\">\n\t\t\t\t\t\tLa zona central de Chile es el coraz\u00f3n pol\u00edtico y cultural del pa\u00eds. Es un \u00e1rea que, aunque peque\u00f1a, combina muchos climas diferentes, lo que le permite ostentar de un aire Mediterr\u00e1neo que no se encuentra en otras zonas de Chile.\t\t\t\t\t<\/div>\n\t\t\t\t\n\t\t\t\t\t\t\t\t\t<div class=\"elementor-cta__button-wrapper elementor-cta__content-item elementor-content-item\">\n\t\t\t\t\t<a class=\"elementor-cta__button elementor-button elementor-size-xs\" href=\"https:\/\/www.relatalotu.com\/en\/chile-centro\/\">\n\t\t\t\t\t\tView tours\t\t\t\t\t<\/a>\n\t\t\t\t\t<\/div>\n\t\t\t\t\t\t\t<\/div>\n\t\t\t\t\t\t<\/div>\n\t\t\t\t\t\t<\/div>\n\t\t\t\t<\/div>\n\t\t\t\t\t<\/div>\n\t\t\t\t<\/div>\n\t\t<div class=\"elementor-element elementor-element-1f7c935 e-flex e-con-boxed e-con e-parent\" data-id=\"1f7c935\" data-element_type=\"container\" data-e-type=\"container\">\n\t\t\t\t\t<div class=\"e-con-inner\">\n\t\t\t\t<div class=\"elementor-element elementor-element-e04a775 elementor-cta--layout-image-left elementor-cta--mobile-layout-image-above elementor-cta--skin-classic elementor-animated-content elementor-bg-transform elementor-bg-transform-zoom-in elementor-widget elementor-widget-call-to-action\" data-id=\"e04a775\" data-element_type=\"widget\" data-e-type=\"widget\" data-widget_type=\"call-to-action.default\">\n\t\t\t\t<div class=\"elementor-widget-container\">\n\t\t\t\t\t\t\t<div class=\"elementor-cta\">\n\t\t\t\t\t<div class=\"elementor-cta__bg-wrapper\">\n\t\t\t\t<div class=\"elementor-cta__bg elementor-bg\" style=\"background-image: url(https:\/\/www.relatalotu.com\/wp-content\/uploads\/2024\/10\/rano-raraku.jpg);\" role=\"img\" aria-label=\"rano-raraku\"><\/div>\n\t\t\t\t<div class=\"elementor-cta__bg-overlay\"><\/div>\n\t\t\t<\/div>\n\t\t\t\t\t\t\t<div class=\"elementor-cta__content\">\n\t\t\t\t\n\t\t\t\t\t\t\t\t\t<h6 class=\"elementor-cta__title elementor-cta__content-item elementor-content-item\">\n\t\t\t\t\t\tTour Rapa Nui \t\t\t\t\t<\/h6>\n\t\t\t\t\n\t\t\t\t\t\t\t\t\t<div class=\"elementor-cta__description elementor-cta__content-item elementor-content-item\">\n\t\t\t\t\t\t<b>Paquete promocional 3 excursiones + traslados aeropuerto<\/b><br>\n\nEste paquete promocional abarca la totalidad de las 3 excursiones, m\u00e1s los traslados de llegada con\ncollar de flores y de salida hacia aeropuerto.\t\t\t\t\t<\/div>\n\t\t\t\t\n\t\t\t\t\t\t\t\t\t<div class=\"elementor-cta__button-wrapper elementor-cta__content-item elementor-content-item\">\n\t\t\t\t\t<a class=\"elementor-cta__button elementor-button elementor-size-xs\" href=\"https:\/\/www.relatalotu.com\/en\/tour-rapa-nui\/\">\n\t\t\t\t\t\tView tours\t\t\t\t\t<\/a>\n\t\t\t\t\t<\/div>\n\t\t\t\t\t\t\t<\/div>\n\t\t\t\t\t\t<\/div>\n\t\t\t\t\t\t<\/div>\n\t\t\t\t<\/div>\n\t\t\t\t\t<\/div>\n\t\t\t\t<\/div>\n\t\t<div class=\"elementor-element elementor-element-b92b724 e-flex e-con-boxed e-con e-parent\" data-id=\"b92b724\" data-element_type=\"container\" data-e-type=\"container\">\n\t\t\t\t\t<div class=\"e-con-inner\">\n\t\t\t\t<div class=\"elementor-element elementor-element-8da33bf elementor-cta--layout-image-left elementor-cta--mobile-layout-image-above elementor-cta--skin-classic elementor-animated-content elementor-bg-transform elementor-bg-transform-zoom-in elementor-widget elementor-widget-call-to-action\" data-id=\"8da33bf\" data-element_type=\"widget\" data-e-type=\"widget\" data-widget_type=\"call-to-action.default\">\n\t\t\t\t<div class=\"elementor-widget-container\">\n\t\t\t\t\t\t\t<div class=\"elementor-cta\">\n\t\t\t\t\t<div class=\"elementor-cta__bg-wrapper\">\n\t\t\t\t<div class=\"elementor-cta__bg elementor-bg\" style=\"background-image: url(https:\/\/www.relatalotu.com\/wp-content\/uploads\/2024\/08\/GettyImages-860225676-1024x576.webp);\" role=\"img\" aria-label=\"GettyImages-860225676\"><\/div>\n\t\t\t\t<div class=\"elementor-cta__bg-overlay\"><\/div>\n\t\t\t<\/div>\n\t\t\t\t\t\t\t<div class=\"elementor-cta__content\">\n\t\t\t\t\n\t\t\t\t\t\t\t\t\t<h6 class=\"elementor-cta__title elementor-cta__content-item elementor-content-item\">\n\t\t\t\t\t\tPatagonia Chilena\t\t\t\t\t<\/h6>\n\t\t\t\t\n\t\t\t\t\t\t\t\t\t<div class=\"elementor-cta__description elementor-cta__content-item elementor-content-item\">\n\t\t\t\t\t\tLa Patagonia Chilena es un destino de ensue\u00f1o para los amantes de la naturaleza y la aventura.\n\nSituada en el extremo sur del continente, esta regi\u00f3n ofrece algunos de los paisajes m\u00e1s espectaculares del mundo.\t\t\t\t\t<\/div>\n\t\t\t\t\n\t\t\t\t\t\t\t\t\t<div class=\"elementor-cta__button-wrapper elementor-cta__content-item elementor-content-item\">\n\t\t\t\t\t<a class=\"elementor-cta__button elementor-button elementor-size-xs\" href=\"https:\/\/www.relatalotu.com\/en\/chile-patagonia\/\">\n\t\t\t\t\t\tView tours\t\t\t\t\t<\/a>\n\t\t\t\t\t<\/div>\n\t\t\t\t\t\t\t<\/div>\n\t\t\t\t\t\t<\/div>\n\t\t\t\t\t\t<\/div>\n\t\t\t\t<\/div>\n\t\t\t\t\t<\/div>\n\t\t\t\t<\/div>\n\t\t<div class=\"elementor-element elementor-element-c781176 e-flex e-con-boxed e-con e-parent\" data-id=\"c781176\" data-element_type=\"container\" data-e-type=\"container\">\n\t\t\t\t\t<div class=\"e-con-inner\">\n\t\t\t\t<div class=\"elementor-element elementor-element-4f56d01 elementor-widget elementor-widget-spacer\" data-id=\"4f56d01\" data-element_type=\"widget\" data-e-type=\"widget\" data-widget_type=\"spacer.default\">\n\t\t\t\t<div class=\"elementor-widget-container\">\n\t\t\t\t\t\t\t<div class=\"elementor-spacer\">\n\t\t\t<div class=\"elementor-spacer-inner\"><\/div>\n\t\t<\/div>\n\t\t\t\t\t\t<\/div>\n\t\t\t\t<\/div>\n\t\t\t\t\t<\/div>\n\t\t\t\t<\/div>\n\t\t\t\t<\/div>","protected":false},"excerpt":{"rendered":"<p>Tours en Chile Norte de Chile El norte de Chile, con una expansi\u00f3n de casi 2000 kil\u00f3metros es un territorio que maravilla a los viajeros por sus dimensiones. El desierto, que escapa de ser un lugar mon\u00f3tono, se muestra como un paisaje variado e irregular, en donde la presencia del hombre es escasa. Ver tours [&hellip;]<\/p>\n","protected":false},"author":1,"featured_media":0,"parent":0,"menu_order":0,"comment_status":"closed","ping_status":"closed","template":"elementor_header_footer","meta":{"_uag_custom_page_level_css":"","footnotes":""},"class_list":["post-6022","page","type-page","status-publish","hentry"],"yoast_head":"<!-- This site is optimized with the Yoast SEO plugin v27.4 - https:\/\/yoast.com\/product\/yoast-seo-wordpress\/ -->\n<title>Tours y Viajes a Chile - Rel\u00e1talo T\u00fa<\/title>\n<meta name=\"description\" content=\"Explora Chile con nuestros tours y viajes personalizados. Descubre desiertos, glaciares y paisajes \u00fanicos. \u00a1Aventura y naturaleza te esperan!\" \/>\n<meta name=\"robots\" content=\"index, follow, max-snippet:-1, max-image-preview:large, max-video-preview:-1\" \/>\n<link rel=\"canonical\" href=\"https:\/\/www.relatalotu.com\/en\/tours-chile\/\" \/>\n<meta property=\"og:locale\" content=\"en_US\" \/>\n<meta property=\"og:type\" content=\"article\" \/>\n<meta property=\"og:title\" content=\"Tours y Viajes a Chile - Rel\u00e1talo T\u00fa\" \/>\n<meta property=\"og:description\" content=\"Explora Chile con nuestros tours y viajes personalizados. Descubre desiertos, glaciares y paisajes \u00fanicos. \u00a1Aventura y naturaleza te esperan!\" \/>\n<meta property=\"og:url\" content=\"https:\/\/www.relatalotu.com\/en\/tours-chile\/\" \/>\n<meta property=\"og:site_name\" content=\"Agencia de viajes en Costa Rica - Rel\u00e1talo T\u00fa \u2708\ufe0f\" \/>\n<meta property=\"article:publisher\" content=\"https:\/\/www.facebook.com\/profile.php?id=61558456476121&amp;mibextid=LQQJ4d\" \/>\n<meta property=\"article:modified_time\" content=\"2024-12-27T20:28:09+00:00\" \/>\n<meta property=\"og:image\" content=\"https:\/\/www.relatalotu.com\/wp-content\/uploads\/2024\/04\/logo-share.jpg\" \/>\n\t<meta property=\"og:image:width\" content=\"1200\" \/>\n\t<meta property=\"og:image:height\" content=\"675\" \/>\n\t<meta property=\"og:image:type\" content=\"image\/jpeg\" \/>\n<meta name=\"twitter:card\" content=\"summary_large_image\" \/>\n<meta name=\"twitter:label1\" content=\"Est. reading time\" \/>\n\t<meta name=\"twitter:data1\" content=\"1 minute\" \/>\n<script type=\"application\/ld+json\" class=\"yoast-schema-graph\">{\"@context\":\"https:\\\/\\\/schema.org\",\"@graph\":[{\"@type\":\"WebPage\",\"@id\":\"https:\\\/\\\/www.relatalotu.com\\\/tours-chile\\\/\",\"url\":\"https:\\\/\\\/www.relatalotu.com\\\/tours-chile\\\/\",\"name\":\"Tours y Viajes a Chile - Rel\u00e1talo T\u00fa\",\"isPartOf\":{\"@id\":\"https:\\\/\\\/www.relatalotu.com\\\/#website\"},\"datePublished\":\"2024-12-27T20:25:16+00:00\",\"dateModified\":\"2024-12-27T20:28:09+00:00\",\"description\":\"Explora Chile con nuestros tours y viajes personalizados. Descubre desiertos, glaciares y paisajes \u00fanicos. \u00a1Aventura y naturaleza te esperan!\",\"breadcrumb\":{\"@id\":\"https:\\\/\\\/www.relatalotu.com\\\/tours-chile\\\/#breadcrumb\"},\"inLanguage\":\"en-US\",\"potentialAction\":[{\"@type\":\"ReadAction\",\"target\":[\"https:\\\/\\\/www.relatalotu.com\\\/tours-chile\\\/\"]}]},{\"@type\":\"BreadcrumbList\",\"@id\":\"https:\\\/\\\/www.relatalotu.com\\\/tours-chile\\\/#breadcrumb\",\"itemListElement\":[{\"@type\":\"ListItem\",\"position\":1,\"name\":\"Inicio\",\"item\":\"https:\\\/\\\/www.relatalotu.com\\\/\"},{\"@type\":\"ListItem\",\"position\":2,\"name\":\"Tours Chile\"}]},{\"@type\":\"WebSite\",\"@id\":\"https:\\\/\\\/www.relatalotu.com\\\/#website\",\"url\":\"https:\\\/\\\/www.relatalotu.com\\\/\",\"name\":\"Rel\u00e1talo T\u00fa\",\"description\":\"\",\"publisher\":{\"@id\":\"https:\\\/\\\/www.relatalotu.com\\\/#organization\"},\"alternateName\":\"relatalo tu\",\"potentialAction\":[{\"@type\":\"SearchAction\",\"target\":{\"@type\":\"EntryPoint\",\"urlTemplate\":\"https:\\\/\\\/www.relatalotu.com\\\/?s={search_term_string}\"},\"query-input\":{\"@type\":\"PropertyValueSpecification\",\"valueRequired\":true,\"valueName\":\"search_term_string\"}}],\"inLanguage\":\"en-US\"},{\"@type\":\"Organization\",\"@id\":\"https:\\\/\\\/www.relatalotu.com\\\/#organization\",\"name\":\"Rel\u00e1talo T\u00fa\",\"alternateName\":\"relatalo tu\",\"url\":\"https:\\\/\\\/www.relatalotu.com\\\/\",\"logo\":{\"@type\":\"ImageObject\",\"inLanguage\":\"en-US\",\"@id\":\"https:\\\/\\\/www.relatalotu.com\\\/#\\\/schema\\\/logo\\\/image\\\/\",\"url\":\"https:\\\/\\\/www.relatalotu.com\\\/wp-content\\\/uploads\\\/2024\\\/03\\\/Logo-color.png\",\"contentUrl\":\"https:\\\/\\\/www.relatalotu.com\\\/wp-content\\\/uploads\\\/2024\\\/03\\\/Logo-color.png\",\"width\":882,\"height\":773,\"caption\":\"Rel\u00e1talo T\u00fa\"},\"image\":{\"@id\":\"https:\\\/\\\/www.relatalotu.com\\\/#\\\/schema\\\/logo\\\/image\\\/\"},\"sameAs\":[\"https:\\\/\\\/www.facebook.com\\\/profile.php?id=61558456476121&mibextid=LQQJ4d\",\"https:\\\/\\\/www.youtube.com\\\/@RELATOSDEUNMUNDONUEVO\",\"https:\\\/\\\/www.instagram.com\\\/relatalo__tu_\\\/\"]}]}<\/script>\n<!-- \/ Yoast SEO plugin. -->","yoast_head_json":{"title":"Tours y Viajes a Chile - Rel\u00e1talo T\u00fa","description":"Explore Chile with our tours and customized trips. Discover deserts, glaciers, and unique landscapes. \u00a1Nature and adventure await you!","robots":{"index":"index","follow":"follow","max-snippet":"max-snippet:-1","max-image-preview":"max-image-preview:large","max-video-preview":"max-video-preview:-1"},"canonical":"https:\/\/www.relatalotu.com\/en\/tours-chile\/","og_locale":"en_US","og_type":"article","og_title":"Tours y Viajes a Chile - Rel\u00e1talo T\u00fa","og_description":"Explora Chile con nuestros tours y viajes personalizados. Descubre desiertos, glaciares y paisajes \u00fanicos. \u00a1Aventura y naturaleza te esperan!","og_url":"https:\/\/www.relatalotu.com\/en\/tours-chile\/","og_site_name":"Agencia de viajes en Costa Rica - Rel\u00e1talo T\u00fa \u2708\ufe0f","article_publisher":"https:\/\/www.facebook.com\/profile.php?id=61558456476121&mibextid=LQQJ4d","article_modified_time":"2024-12-27T20:28:09+00:00","og_image":[{"width":1200,"height":675,"url":"https:\/\/www.relatalotu.com\/wp-content\/uploads\/2024\/04\/logo-share.jpg","type":"image\/jpeg"}],"twitter_card":"summary_large_image","twitter_misc":{"Est. reading time":"1 minute"},"schema":{"@context":"https:\/\/schema.org","@graph":[{"@type":"WebPage","@id":"https:\/\/www.relatalotu.com\/tours-chile\/","url":"https:\/\/www.relatalotu.com\/tours-chile\/","name":"Tours y Viajes a Chile - Rel\u00e1talo T\u00fa","isPartOf":{"@id":"https:\/\/www.relatalotu.com\/#website"},"datePublished":"2024-12-27T20:25:16+00:00","dateModified":"2024-12-27T20:28:09+00:00","description":"Explore Chile with our tours and customized trips. Discover deserts, glaciers, and unique landscapes. \u00a1Nature and adventure await you!","breadcrumb":{"@id":"https:\/\/www.relatalotu.com\/tours-chile\/#breadcrumb"},"inLanguage":"en-US","potentialAction":[{"@type":"ReadAction","target":["https:\/\/www.relatalotu.com\/tours-chile\/"]}]},{"@type":"BreadcrumbList","@id":"https:\/\/www.relatalotu.com\/tours-chile\/#breadcrumb","itemListElement":[{"@type":"ListItem","position":1,"name":"Inicio","item":"https:\/\/www.relatalotu.com\/"},{"@type":"ListItem","position":2,"name":"Tours Chile"}]},{"@type":"WebSite","@id":"https:\/\/www.relatalotu.com\/#website","url":"https:\/\/www.relatalotu.com\/","name":"Rel\u00e1talo T\u00fa","description":"","publisher":{"@id":"https:\/\/www.relatalotu.com\/#organization"},"alternateName":"relatalo tu","potentialAction":[{"@type":"SearchAction","target":{"@type":"EntryPoint","urlTemplate":"https:\/\/www.relatalotu.com\/?s={search_term_string}"},"query-input":{"@type":"PropertyValueSpecification","valueRequired":true,"valueName":"search_term_string"}}],"inLanguage":"en-US"},{"@type":"Organization","@id":"https:\/\/www.relatalotu.com\/#organization","name":"Rel\u00e1talo T\u00fa","alternateName":"relatalo tu","url":"https:\/\/www.relatalotu.com\/","logo":{"@type":"ImageObject","inLanguage":"en-US","@id":"https:\/\/www.relatalotu.com\/#\/schema\/logo\/image\/","url":"https:\/\/www.relatalotu.com\/wp-content\/uploads\/2024\/03\/Logo-color.png","contentUrl":"https:\/\/www.relatalotu.com\/wp-content\/uploads\/2024\/03\/Logo-color.png","width":882,"height":773,"caption":"Rel\u00e1talo T\u00fa"},"image":{"@id":"https:\/\/www.relatalotu.com\/#\/schema\/logo\/image\/"},"sameAs":["https:\/\/www.facebook.com\/profile.php?id=61558456476121&mibextid=LQQJ4d","https:\/\/www.youtube.com\/@RELATOSDEUNMUNDONUEVO","https:\/\/www.instagram.com\/relatalo__tu_\/"]}]}},"uagb_featured_image_src":{"full":false,"thumbnail":false,"medium":false,"medium_large":false,"large":false,"1536x1536":false,"2048x2048":false,"trp-custom-language-flag":false,"woocommerce_thumbnail":false,"woocommerce_single":false,"woocommerce_gallery_thumbnail":false},"uagb_author_info":{"display_name":"relatalo","author_link":"https:\/\/www.relatalotu.com\/en\/author\/relatalo\/"},"uagb_comment_info":0,"uagb_excerpt":"Tours en Chile Norte de Chile El norte de Chile, con una expansi\u00f3n de casi 2000 kil\u00f3metros es un territorio que maravilla a los viajeros por sus dimensiones. El desierto, que escapa de ser un lugar mon\u00f3tono, se muestra como un paisaje variado e irregular, en donde la presencia del hombre es escasa. Ver tours&hellip;","_links":{"self":[{"href":"https:\/\/www.relatalotu.com\/en\/wp-json\/wp\/v2\/pages\/6022","targetHints":{"allow":["GET"]}}],"collection":[{"href":"https:\/\/www.relatalotu.com\/en\/wp-json\/wp\/v2\/pages"}],"about":[{"href":"https:\/\/www.relatalotu.com\/en\/wp-json\/wp\/v2\/types\/page"}],"author":[{"embeddable":true,"href":"https:\/\/www.relatalotu.com\/en\/wp-json\/wp\/v2\/users\/1"}],"replies":[{"embeddable":true,"href":"https:\/\/www.relatalotu.com\/en\/wp-json\/wp\/v2\/comments?post=6022"}],"version-history":[{"count":0,"href":"https:\/\/www.relatalotu.com\/en\/wp-json\/wp\/v2\/pages\/6022\/revisions"}],"wp:attachment":[{"href":"https:\/\/www.relatalotu.com\/en\/wp-json\/wp\/v2\/media?parent=6022"}],"curies":[{"name":"wp","href":"https:\/\/api.w.org\/{rel}","templated":true}]}}