{"id":1360,"date":"2024-04-08T21:22:53","date_gmt":"2024-04-08T21:22:53","guid":{"rendered":"https:\/\/www.relatalotu.com\/?page_id=1360"},"modified":"2024-04-30T17:20:28","modified_gmt":"2024-04-30T17:20:28","slug":"politica-de-privacidad","status":"publish","type":"page","link":"https:\/\/www.relatalotu.com\/en\/politica-de-privacidad\/","title":{"rendered":"Pol\u00edtica de Privacidad"},"content":{"rendered":"<div data-elementor-type=\"wp-page\" data-elementor-id=\"1360\" class=\"elementor elementor-1360\" data-elementor-post-type=\"page\">\n\t\t\t\t\t\t<section class=\"elementor-section elementor-top-section elementor-element elementor-element-13b6d48 elementor-section-height-min-height elementor-section-items-bottom elementor-section-boxed elementor-section-height-default\" data-id=\"13b6d48\" data-element_type=\"section\" data-e-type=\"section\" data-settings=\"{&quot;background_background&quot;:&quot;classic&quot;}\">\n\t\t\t\t\t\t\t<div class=\"elementor-background-overlay\"><\/div>\n\t\t\t\t\t\t\t<div class=\"elementor-container elementor-column-gap-default\">\n\t\t\t\t\t<div class=\"elementor-column elementor-col-100 elementor-top-column elementor-element elementor-element-e505608\" data-id=\"e505608\" data-element_type=\"column\" data-e-type=\"column\">\n\t\t\t<div class=\"elementor-widget-wrap elementor-element-populated\">\n\t\t\t\t\t\t<div class=\"elementor-element elementor-element-c067cc6 elementor-widget elementor-widget-heading\" data-id=\"c067cc6\" data-element_type=\"widget\" data-e-type=\"widget\" data-widget_type=\"heading.default\">\n\t\t\t\t<div class=\"elementor-widget-container\">\n\t\t\t\t\t<h1 class=\"elementor-heading-title elementor-size-default\">Privacy policy<\/h1>\t\t\t\t<\/div>\n\t\t\t\t<\/div>\n\t\t\t\t\t<\/div>\n\t\t<\/div>\n\t\t\t\t\t<\/div>\n\t\t<\/section>\n\t\t<div class=\"elementor-element elementor-element-7a6a849f e-flex e-con-boxed e-con e-parent\" data-id=\"7a6a849f\" data-element_type=\"container\" data-e-type=\"container\">\n\t\t\t\t\t<div class=\"e-con-inner\">\n\t\t\t\t<div class=\"elementor-element elementor-element-193bf47f elementor-widget elementor-widget-text-editor\" data-id=\"193bf47f\" data-element_type=\"widget\" data-e-type=\"widget\" data-widget_type=\"text-editor.default\">\n\t\t\t\t<div class=\"elementor-widget-container\">\n\t\t\t\t\t\t\t\t\t<p><\/p>\n<p>This Privacy Policy sets out the terms on which Rel\u00e1talo You uses and protects the information that is provided by its users when using your website. This company is committed to the security of the data of its users. When we ask you to fill in the fields of personal information with which you can be identified, we do so by ensuring that it only be used in accordance with the terms of this document. However, this Privacy Policy may change over time or be updated so we recommend and emphasize continually review this page to ensure that you agree with such changes.<\/p>\n<p><\/p>\n<p><\/p>\n<p><strong>Information that is collected<\/strong><\/p>\n<p><\/p>\n<p><\/p>\n<p>Our website may collect personal information such as: Name, contact information such as your e-mail address, and demographic information. Likewise, when necessary, may be required for specific information in order to process an order or make a delivery or billing.<\/p>\n<p><\/p>\n<p><\/p>\n<p><strong>Use of collected information<\/strong><\/p>\n<p><\/p>\n<p><\/p>\n<p>Our website uses the information in order to provide the best possible service, particularly to maintain a registry of users, orders if applicable, and improve our products and services. It is possible to be sent out emails periodically through our site with special offers, new products and other advertising information that we consider relevant to you or that may provide some benefit, these emails will be sent to the address you provide and may be canceled at any time.<\/p>\n<p><\/p>\n<p><\/p>\n<p>\u00a0Rel\u00e1talo You is highly committed to fulfill the commitment to keep your information safe. We use the most advanced systems and update them constantly to ensure that there is no unauthorized access.<\/p>\n<p><\/p>\n<p><\/p>\n<p><strong>Cookies<\/strong><\/p>\n<p><\/p>\n<p><\/p>\n<p>A cookie refers to a file that is sent with the purpose of requesting permission to be stored on your computer, when accepting said file is created and the cookie then serves to have information regarding web traffic, and also facilitates future visits to a web recurrent. Another function of cookies is that with them the web can recognize you individually and therefore provide you with the best personalized service on your website.<\/p>\n<p><\/p>\n<p><\/p>\n<p>Our website uses cookies to identify the pages that are visited and their frequency. This information is used only for statistical analysis and then the information is permanently deleted. You may delete cookies at any time from your computer. However cookies help to provide a better service for websites, you are not giving access to information from your computer or from you, unless you want it and provide it directly\u00a0<a href=\"https:\/\/noticiasvillarrealcf.es\/\" target=\"_blank\" rel=\"noreferrer noopener\">news<\/a>. You can accept or deny the use of cookies, however most browsers automatically accept cookies because it serves to have a better web service. Also you can change the settings of your computer to decline cookies. If you decline you may not be able to use some of our services.<\/p>\n<p><\/p>\n<p><\/p>\n<p><strong>Third-party links<\/strong><\/p>\n<p><\/p>\n<p><\/p>\n<p>This web site may contain links to other websites that may be of interest to you. Once you click on these links and leave our page, we no longer have control over the site to which you are redirected and therefore we are not responsible for the\u00a0<a href=\"https:\/\/plantillaterminosycondicionestiendaonline.com\/\" target=\"_blank\" rel=\"noreferrer noopener\">terms \/ privacy<\/a>\u00a0or the protection of your data in those other third party sites. These sites are subject to their own privacy policies so it is recommended that you check to confirm that you agree with these.<\/p>\n<p><\/p>\n<p><\/p>\n<p><strong>Control of your personal information<\/strong><\/p>\n<p><\/p>\n<p><\/p>\n<p>At any time you may restrict the collection or use of your personal information that is provided to our web site. Each time you are asked to fill in a form, such as the user registration, you can check or uncheck the option to receive information by e-mail. In case you have marked the option to receive our newsletter or advertising you can cancel it at any time.<\/p>\n<p><\/p>\n<p><\/p>\n<p>This company will not sell, assign or distribute personal information that is collected without your consent, unless required by a judge with a court order.<\/p>\n<p><\/p>\n<p><\/p>\n<p>\u00a0Rel\u00e1talo you reserves the right to change the terms of this Privacy Policy at any time.<\/p>\n<p><\/p>\t\t\t\t\t\t\t\t<\/div>\n\t\t\t\t<\/div>\n\t\t\t\t\t<\/div>\n\t\t\t\t<\/div>\n\t\t<div class=\"elementor-element elementor-element-118246f e-flex e-con-boxed e-con e-parent\" data-id=\"118246f\" data-element_type=\"container\" data-e-type=\"container\">\n\t\t\t\t\t<div class=\"e-con-inner\">\n\t\t\t\t<div class=\"elementor-element elementor-element-c87968b elementor-widget elementor-widget-spacer\" data-id=\"c87968b\" data-element_type=\"widget\" data-e-type=\"widget\" data-widget_type=\"spacer.default\">\n\t\t\t\t<div class=\"elementor-widget-container\">\n\t\t\t\t\t\t\t<div class=\"elementor-spacer\">\n\t\t\t<div class=\"elementor-spacer-inner\"><\/div>\n\t\t<\/div>\n\t\t\t\t\t\t<\/div>\n\t\t\t\t<\/div>\n\t\t\t\t\t<\/div>\n\t\t\t\t<\/div>\n\t\t\t\t<\/div>","protected":false},"excerpt":{"rendered":"<p>Pol\u00edtica de privacidad El presente Pol\u00edtica de Privacidad establece los t\u00e9rminos en que Rel\u00e1talo T\u00fa\u00a0\u00a0usa y protege la informaci\u00f3n que es proporcionada por sus usuarios al momento de utilizar su sitio web. Esta compa\u00f1\u00eda est\u00e1 comprometida con la seguridad de los datos de sus usuarios. Cuando le pedimos llenar los campos de informaci\u00f3n personal con [&hellip;]<\/p>\n","protected":false},"author":1,"featured_media":0,"parent":0,"menu_order":0,"comment_status":"closed","ping_status":"closed","template":"elementor_header_footer","meta":{"_uag_custom_page_level_css":"","footnotes":""},"class_list":["post-1360","page","type-page","status-publish","hentry"],"yoast_head":"<!-- This site is optimized with the Yoast SEO plugin v27.4 - https:\/\/yoast.com\/product\/yoast-seo-wordpress\/ -->\n<title>Agencia de viajes en Costa Rica - Rel\u00e1talo T\u00fa \u2708\ufe0f<\/title>\n<meta name=\"description\" content=\"Descubre Costa Rica con nuestros tours y viajes personalizados. Explora playas, volcanes y selvas \u00fanicas. \u00a1Vive la aventura pura!\" \/>\n<meta name=\"robots\" content=\"noindex, follow\" \/>\n<meta property=\"og:locale\" content=\"en_US\" \/>\n<meta property=\"og:type\" content=\"article\" \/>\n<meta property=\"og:title\" content=\"Agencia de viajes en Costa Rica - Rel\u00e1talo T\u00fa \u2708\ufe0f\" \/>\n<meta property=\"og:description\" content=\"Descubre Costa Rica con nuestros tours y viajes personalizados. Explora playas, volcanes y selvas \u00fanicas. \u00a1Vive la aventura pura!\" \/>\n<meta property=\"og:url\" content=\"https:\/\/www.relatalotu.com\/en\/politica-de-privacidad\/\" \/>\n<meta property=\"og:site_name\" content=\"Agencia de viajes en Costa Rica - Rel\u00e1talo T\u00fa \u2708\ufe0f\" \/>\n<meta property=\"article:publisher\" content=\"https:\/\/www.facebook.com\/profile.php?id=61558456476121&amp;mibextid=LQQJ4d\" \/>\n<meta property=\"article:modified_time\" content=\"2024-04-30T17:20:28+00:00\" \/>\n<meta property=\"og:image\" content=\"https:\/\/www.relatalotu.com\/wp-content\/uploads\/2024\/04\/logo-share.jpg\" \/>\n\t<meta property=\"og:image:width\" content=\"1200\" \/>\n\t<meta property=\"og:image:height\" content=\"675\" \/>\n\t<meta property=\"og:image:type\" content=\"image\/jpeg\" \/>\n<meta name=\"twitter:card\" content=\"summary_large_image\" \/>\n<meta name=\"twitter:label1\" content=\"Est. reading time\" \/>\n\t<meta name=\"twitter:data1\" content=\"4 minutes\" \/>\n<script type=\"application\/ld+json\" class=\"yoast-schema-graph\">{\"@context\":\"https:\\\/\\\/schema.org\",\"@graph\":[{\"@type\":\"WebPage\",\"@id\":\"https:\\\/\\\/www.relatalotu.com\\\/politica-de-privacidad\\\/\",\"url\":\"https:\\\/\\\/www.relatalotu.com\\\/politica-de-privacidad\\\/\",\"name\":\"Agencia de viajes en Costa Rica - Rel\u00e1talo T\u00fa \u2708\ufe0f\",\"isPartOf\":{\"@id\":\"https:\\\/\\\/www.relatalotu.com\\\/#website\"},\"datePublished\":\"2024-04-08T21:22:53+00:00\",\"dateModified\":\"2024-04-30T17:20:28+00:00\",\"description\":\"Descubre Costa Rica con nuestros tours y viajes personalizados. Explora playas, volcanes y selvas \u00fanicas. \u00a1Vive la aventura pura!\",\"breadcrumb\":{\"@id\":\"https:\\\/\\\/www.relatalotu.com\\\/politica-de-privacidad\\\/#breadcrumb\"},\"inLanguage\":\"en-US\",\"potentialAction\":[{\"@type\":\"ReadAction\",\"target\":[\"https:\\\/\\\/www.relatalotu.com\\\/politica-de-privacidad\\\/\"]}]},{\"@type\":\"BreadcrumbList\",\"@id\":\"https:\\\/\\\/www.relatalotu.com\\\/politica-de-privacidad\\\/#breadcrumb\",\"itemListElement\":[{\"@type\":\"ListItem\",\"position\":1,\"name\":\"Inicio\",\"item\":\"https:\\\/\\\/www.relatalotu.com\\\/\"},{\"@type\":\"ListItem\",\"position\":2,\"name\":\"Pol\u00edtica de Privacidad\"}]},{\"@type\":\"WebSite\",\"@id\":\"https:\\\/\\\/www.relatalotu.com\\\/#website\",\"url\":\"https:\\\/\\\/www.relatalotu.com\\\/\",\"name\":\"Rel\u00e1talo T\u00fa\",\"description\":\"\",\"publisher\":{\"@id\":\"https:\\\/\\\/www.relatalotu.com\\\/#organization\"},\"alternateName\":\"relatalo tu\",\"potentialAction\":[{\"@type\":\"SearchAction\",\"target\":{\"@type\":\"EntryPoint\",\"urlTemplate\":\"https:\\\/\\\/www.relatalotu.com\\\/?s={search_term_string}\"},\"query-input\":{\"@type\":\"PropertyValueSpecification\",\"valueRequired\":true,\"valueName\":\"search_term_string\"}}],\"inLanguage\":\"en-US\"},{\"@type\":\"Organization\",\"@id\":\"https:\\\/\\\/www.relatalotu.com\\\/#organization\",\"name\":\"Rel\u00e1talo T\u00fa\",\"alternateName\":\"relatalo tu\",\"url\":\"https:\\\/\\\/www.relatalotu.com\\\/\",\"logo\":{\"@type\":\"ImageObject\",\"inLanguage\":\"en-US\",\"@id\":\"https:\\\/\\\/www.relatalotu.com\\\/#\\\/schema\\\/logo\\\/image\\\/\",\"url\":\"https:\\\/\\\/www.relatalotu.com\\\/wp-content\\\/uploads\\\/2024\\\/03\\\/Logo-color.png\",\"contentUrl\":\"https:\\\/\\\/www.relatalotu.com\\\/wp-content\\\/uploads\\\/2024\\\/03\\\/Logo-color.png\",\"width\":882,\"height\":773,\"caption\":\"Rel\u00e1talo T\u00fa\"},\"image\":{\"@id\":\"https:\\\/\\\/www.relatalotu.com\\\/#\\\/schema\\\/logo\\\/image\\\/\"},\"sameAs\":[\"https:\\\/\\\/www.facebook.com\\\/profile.php?id=61558456476121&mibextid=LQQJ4d\",\"https:\\\/\\\/www.youtube.com\\\/@RELATOSDEUNMUNDONUEVO\",\"https:\\\/\\\/www.instagram.com\\\/relatalo__tu_\\\/\"]}]}<\/script>\n<!-- \/ Yoast SEO plugin. -->","yoast_head_json":{"title":"Agencia de viajes en Costa Rica - Rel\u00e1talo T\u00fa \u2708\ufe0f","description":"Descubre Costa Rica con nuestros tours y viajes personalizados. Explora playas, volcanes y selvas \u00fanicas. \u00a1Vive la aventura pura!","robots":{"index":"noindex","follow":"follow"},"og_locale":"en_US","og_type":"article","og_title":"Agencia de viajes en Costa Rica - Rel\u00e1talo T\u00fa \u2708\ufe0f","og_description":"Descubre Costa Rica con nuestros tours y viajes personalizados. Explora playas, volcanes y selvas \u00fanicas. \u00a1Vive la aventura pura!","og_url":"https:\/\/www.relatalotu.com\/en\/politica-de-privacidad\/","og_site_name":"Agencia de viajes en Costa Rica - Rel\u00e1talo T\u00fa \u2708\ufe0f","article_publisher":"https:\/\/www.facebook.com\/profile.php?id=61558456476121&mibextid=LQQJ4d","article_modified_time":"2024-04-30T17:20:28+00:00","og_image":[{"width":1200,"height":675,"url":"https:\/\/www.relatalotu.com\/wp-content\/uploads\/2024\/04\/logo-share.jpg","type":"image\/jpeg"}],"twitter_card":"summary_large_image","twitter_misc":{"Est. reading time":"4 minutes"},"schema":{"@context":"https:\/\/schema.org","@graph":[{"@type":"WebPage","@id":"https:\/\/www.relatalotu.com\/politica-de-privacidad\/","url":"https:\/\/www.relatalotu.com\/politica-de-privacidad\/","name":"Agencia de viajes en Costa Rica - Rel\u00e1talo T\u00fa \u2708\ufe0f","isPartOf":{"@id":"https:\/\/www.relatalotu.com\/#website"},"datePublished":"2024-04-08T21:22:53+00:00","dateModified":"2024-04-30T17:20:28+00:00","description":"Descubre Costa Rica con nuestros tours y viajes personalizados. Explora playas, volcanes y selvas \u00fanicas. \u00a1Vive la aventura pura!","breadcrumb":{"@id":"https:\/\/www.relatalotu.com\/politica-de-privacidad\/#breadcrumb"},"inLanguage":"en-US","potentialAction":[{"@type":"ReadAction","target":["https:\/\/www.relatalotu.com\/politica-de-privacidad\/"]}]},{"@type":"BreadcrumbList","@id":"https:\/\/www.relatalotu.com\/politica-de-privacidad\/#breadcrumb","itemListElement":[{"@type":"ListItem","position":1,"name":"Inicio","item":"https:\/\/www.relatalotu.com\/"},{"@type":"ListItem","position":2,"name":"Pol\u00edtica de Privacidad"}]},{"@type":"WebSite","@id":"https:\/\/www.relatalotu.com\/#website","url":"https:\/\/www.relatalotu.com\/","name":"Rel\u00e1talo T\u00fa","description":"","publisher":{"@id":"https:\/\/www.relatalotu.com\/#organization"},"alternateName":"relatalo tu","potentialAction":[{"@type":"SearchAction","target":{"@type":"EntryPoint","urlTemplate":"https:\/\/www.relatalotu.com\/?s={search_term_string}"},"query-input":{"@type":"PropertyValueSpecification","valueRequired":true,"valueName":"search_term_string"}}],"inLanguage":"en-US"},{"@type":"Organization","@id":"https:\/\/www.relatalotu.com\/#organization","name":"Rel\u00e1talo T\u00fa","alternateName":"relatalo tu","url":"https:\/\/www.relatalotu.com\/","logo":{"@type":"ImageObject","inLanguage":"en-US","@id":"https:\/\/www.relatalotu.com\/#\/schema\/logo\/image\/","url":"https:\/\/www.relatalotu.com\/wp-content\/uploads\/2024\/03\/Logo-color.png","contentUrl":"https:\/\/www.relatalotu.com\/wp-content\/uploads\/2024\/03\/Logo-color.png","width":882,"height":773,"caption":"Rel\u00e1talo T\u00fa"},"image":{"@id":"https:\/\/www.relatalotu.com\/#\/schema\/logo\/image\/"},"sameAs":["https:\/\/www.facebook.com\/profile.php?id=61558456476121&mibextid=LQQJ4d","https:\/\/www.youtube.com\/@RELATOSDEUNMUNDONUEVO","https:\/\/www.instagram.com\/relatalo__tu_\/"]}]}},"uagb_featured_image_src":{"full":false,"thumbnail":false,"medium":false,"medium_large":false,"large":false,"1536x1536":false,"2048x2048":false,"trp-custom-language-flag":false,"woocommerce_thumbnail":false,"woocommerce_single":false,"woocommerce_gallery_thumbnail":false},"uagb_author_info":{"display_name":"relatalo","author_link":"https:\/\/www.relatalotu.com\/en\/author\/relatalo\/"},"uagb_comment_info":0,"uagb_excerpt":"Pol\u00edtica de privacidad El presente Pol\u00edtica de Privacidad establece los t\u00e9rminos en que Rel\u00e1talo T\u00fa\u00a0\u00a0usa y protege la informaci\u00f3n que es proporcionada por sus usuarios al momento de utilizar su sitio web. Esta compa\u00f1\u00eda est\u00e1 comprometida con la seguridad de los datos de sus usuarios. Cuando le pedimos llenar los campos de informaci\u00f3n personal con&hellip;","_links":{"self":[{"href":"https:\/\/www.relatalotu.com\/en\/wp-json\/wp\/v2\/pages\/1360","targetHints":{"allow":["GET"]}}],"collection":[{"href":"https:\/\/www.relatalotu.com\/en\/wp-json\/wp\/v2\/pages"}],"about":[{"href":"https:\/\/www.relatalotu.com\/en\/wp-json\/wp\/v2\/types\/page"}],"author":[{"embeddable":true,"href":"https:\/\/www.relatalotu.com\/en\/wp-json\/wp\/v2\/users\/1"}],"replies":[{"embeddable":true,"href":"https:\/\/www.relatalotu.com\/en\/wp-json\/wp\/v2\/comments?post=1360"}],"version-history":[{"count":0,"href":"https:\/\/www.relatalotu.com\/en\/wp-json\/wp\/v2\/pages\/1360\/revisions"}],"wp:attachment":[{"href":"https:\/\/www.relatalotu.com\/en\/wp-json\/wp\/v2\/media?parent=1360"}],"curies":[{"name":"wp","href":"https:\/\/api.w.org\/{rel}","templated":true}]}}